{"id":43,"date":"2026-04-07T21:09:19","date_gmt":"2026-04-07T21:09:19","guid":{"rendered":"https:\/\/stitchwitch.at\/?post_type=product&#038;p=43"},"modified":"2026-04-07T21:15:49","modified_gmt":"2026-04-07T21:15:49","slug":"personalisierter-druck-nach-wunsch","status":"publish","type":"product","link":"https:\/\/stitchwitch.at\/?product=personalisierter-druck-nach-wunsch","title":{"rendered":"Personalisierter Druck nach Wunsch"},"content":{"rendered":"<p>Individuelle Veredelung f\u00fcr Kleidung und Accessoires: hochwertiger Stick und langlebiger Druck f\u00fcr Jacken, Gilets, Shirts, Hoodies, Decken und mehr. Jedes St\u00fcck wird mit viel Liebe zum Detail personalisiert und auf deinen Wunsch abgestimmt.<\/p>\n","protected":false},"excerpt":{"rendered":"<p>Individuelle Veredelung f\u00fcr Kleidung und Accessoires: hochwertiger Stick und langlebiger Druck f\u00fcr Jacken, Gilets, Shirts, Hoodies, Decken und mehr. Jedes St\u00fcck wird mit viel Liebe zum Detail personalisiert und auf deinen Wunsch abgestimmt.<\/p>\n","protected":false},"featured_media":29,"comment_status":"open","ping_status":"closed","template":"","meta":{"_kad_post_transparent":"default","_kad_post_title":"","_kad_post_layout":"default","_kad_post_sidebar_id":"","_kad_post_content_style":"default","_kad_post_vertical_padding":"default","_kad_post_feature":"","_kad_post_feature_position":"","_kad_post_header":false,"_kad_post_footer":false,"_kad_post_classname":""},"product_brand":[],"product_cat":[18],"product_tag":[],"class_list":{"0":"post-43","1":"product","2":"type-product","3":"status-publish","4":"has-post-thumbnail","6":"product_cat-stichwitch-ii","8":"first","9":"instock","10":"sale","11":"shipping-taxable","12":"purchasable","13":"product-type-simple","14":"entry","15":"content-bg","16":"loop-entry"},"yoast_head":"<!-- This site is optimized with the Yoast SEO plugin v27.3 - https:\/\/yoast.com\/product\/yoast-seo-wordpress\/ -->\n<title>Personalisierter Druck nach Wunsch - stitchwitch<\/title>\n<meta name=\"robots\" content=\"noindex, follow, max-snippet:-1, max-image-preview:large, max-video-preview:-1\" \/>\n<meta property=\"og:locale\" content=\"de_DE\" \/>\n<meta property=\"og:type\" content=\"article\" \/>\n<meta property=\"og:title\" content=\"Personalisierter Druck nach Wunsch - stitchwitch\" \/>\n<meta property=\"og:description\" content=\"Individuelle Veredelung f\u00fcr Kleidung und Accessoires: hochwertiger Stick und langlebiger Druck f\u00fcr Jacken, Gilets, Shirts, Hoodies, Decken und mehr. Jedes St\u00fcck wird mit viel Liebe zum Detail personalisiert und auf deinen Wunsch abgestimmt.\" \/>\n<meta property=\"og:url\" content=\"https:\/\/stitchwitch.at\/?product=personalisierter-druck-nach-wunsch\" \/>\n<meta property=\"og:site_name\" content=\"stitchwitch\" \/>\n<meta property=\"article:modified_time\" content=\"2026-04-07T21:15:49+00:00\" \/>\n<meta property=\"og:image\" content=\"https:\/\/stitchwitch.at\/wp-content\/uploads\/2026\/04\/374187179_136530526193453_4206051642932328200_n.jpg\" \/>\n\t<meta property=\"og:image:width\" content=\"1170\" \/>\n\t<meta property=\"og:image:height\" content=\"1623\" \/>\n\t<meta property=\"og:image:type\" content=\"image\/jpeg\" \/>\n<meta name=\"twitter:card\" content=\"summary_large_image\" \/>\n<meta name=\"twitter:label1\" content=\"Gesch\u00e4tzte Lesezeit\" \/>\n\t<meta name=\"twitter:data1\" content=\"1\u00a0Minute\" \/>\n<script type=\"application\/ld+json\" class=\"yoast-schema-graph\">{\"@context\":\"https:\\\/\\\/schema.org\",\"@graph\":[{\"@type\":\"WebPage\",\"@id\":\"https:\\\/\\\/stitchwitch.at\\\/?product=personalisierter-druck-nach-wunsch\",\"url\":\"https:\\\/\\\/stitchwitch.at\\\/?product=personalisierter-druck-nach-wunsch\",\"name\":\"Personalisierter Druck nach Wunsch - stitchwitch\",\"isPartOf\":{\"@id\":\"https:\\\/\\\/stitchwitch.at\\\/#website\"},\"primaryImageOfPage\":{\"@id\":\"https:\\\/\\\/stitchwitch.at\\\/?product=personalisierter-druck-nach-wunsch#primaryimage\"},\"image\":{\"@id\":\"https:\\\/\\\/stitchwitch.at\\\/?product=personalisierter-druck-nach-wunsch#primaryimage\"},\"thumbnailUrl\":\"https:\\\/\\\/stitchwitch.at\\\/wp-content\\\/uploads\\\/2026\\\/04\\\/374187179_136530526193453_4206051642932328200_n.jpg\",\"datePublished\":\"2026-04-07T21:09:19+00:00\",\"dateModified\":\"2026-04-07T21:15:49+00:00\",\"breadcrumb\":{\"@id\":\"https:\\\/\\\/stitchwitch.at\\\/?product=personalisierter-druck-nach-wunsch#breadcrumb\"},\"inLanguage\":\"de\",\"potentialAction\":[{\"@type\":\"ReadAction\",\"target\":[\"https:\\\/\\\/stitchwitch.at\\\/?product=personalisierter-druck-nach-wunsch\"]}]},{\"@type\":\"ImageObject\",\"inLanguage\":\"de\",\"@id\":\"https:\\\/\\\/stitchwitch.at\\\/?product=personalisierter-druck-nach-wunsch#primaryimage\",\"url\":\"https:\\\/\\\/stitchwitch.at\\\/wp-content\\\/uploads\\\/2026\\\/04\\\/374187179_136530526193453_4206051642932328200_n.jpg\",\"contentUrl\":\"https:\\\/\\\/stitchwitch.at\\\/wp-content\\\/uploads\\\/2026\\\/04\\\/374187179_136530526193453_4206051642932328200_n.jpg\",\"width\":1170,\"height\":1623},{\"@type\":\"BreadcrumbList\",\"@id\":\"https:\\\/\\\/stitchwitch.at\\\/?product=personalisierter-druck-nach-wunsch#breadcrumb\",\"itemListElement\":[{\"@type\":\"ListItem\",\"position\":1,\"name\":\"Start\",\"item\":\"https:\\\/\\\/stitchwitch.at\\\/\"},{\"@type\":\"ListItem\",\"position\":2,\"name\":\"Shop\",\"item\":\"https:\\\/\\\/stitchwitch.at\\\/?page_id=6\"},{\"@type\":\"ListItem\",\"position\":3,\"name\":\"Personalisierter Druck nach Wunsch\"}]},{\"@type\":\"WebSite\",\"@id\":\"https:\\\/\\\/stitchwitch.at\\\/#website\",\"url\":\"https:\\\/\\\/stitchwitch.at\\\/\",\"name\":\"stitchwitch\",\"description\":\"\",\"publisher\":{\"@id\":\"https:\\\/\\\/stitchwitch.at\\\/#organization\"},\"potentialAction\":[{\"@type\":\"SearchAction\",\"target\":{\"@type\":\"EntryPoint\",\"urlTemplate\":\"https:\\\/\\\/stitchwitch.at\\\/?s={search_term_string}\"},\"query-input\":{\"@type\":\"PropertyValueSpecification\",\"valueRequired\":true,\"valueName\":\"search_term_string\"}}],\"inLanguage\":\"de\"},{\"@type\":\"Organization\",\"@id\":\"https:\\\/\\\/stitchwitch.at\\\/#organization\",\"name\":\"stitchwitch\",\"url\":\"https:\\\/\\\/stitchwitch.at\\\/\",\"logo\":{\"@type\":\"ImageObject\",\"inLanguage\":\"de\",\"@id\":\"https:\\\/\\\/stitchwitch.at\\\/#\\\/schema\\\/logo\\\/image\\\/\",\"url\":\"https:\\\/\\\/stitchwitch.at\\\/wp-content\\\/uploads\\\/2026\\\/04\\\/508314136_569960446183790_4057727855767712171_n.jpg\",\"contentUrl\":\"https:\\\/\\\/stitchwitch.at\\\/wp-content\\\/uploads\\\/2026\\\/04\\\/508314136_569960446183790_4057727855767712171_n.jpg\",\"width\":960,\"height\":958,\"caption\":\"stitchwitch\"},\"image\":{\"@id\":\"https:\\\/\\\/stitchwitch.at\\\/#\\\/schema\\\/logo\\\/image\\\/\"}}]}<\/script>\n<!-- \/ Yoast SEO plugin. -->","yoast_head_json":{"title":"Personalisierter Druck nach Wunsch - stitchwitch","robots":{"index":"noindex","follow":"follow","max-snippet":"max-snippet:-1","max-image-preview":"max-image-preview:large","max-video-preview":"max-video-preview:-1"},"og_locale":"de_DE","og_type":"article","og_title":"Personalisierter Druck nach Wunsch - stitchwitch","og_description":"Individuelle Veredelung f\u00fcr Kleidung und Accessoires: hochwertiger Stick und langlebiger Druck f\u00fcr Jacken, Gilets, Shirts, Hoodies, Decken und mehr. Jedes St\u00fcck wird mit viel Liebe zum Detail personalisiert und auf deinen Wunsch abgestimmt.","og_url":"https:\/\/stitchwitch.at\/?product=personalisierter-druck-nach-wunsch","og_site_name":"stitchwitch","article_modified_time":"2026-04-07T21:15:49+00:00","og_image":[{"width":1170,"height":1623,"url":"https:\/\/stitchwitch.at\/wp-content\/uploads\/2026\/04\/374187179_136530526193453_4206051642932328200_n.jpg","type":"image\/jpeg"}],"twitter_card":"summary_large_image","twitter_misc":{"Gesch\u00e4tzte Lesezeit":"1\u00a0Minute"},"schema":{"@context":"https:\/\/schema.org","@graph":[{"@type":"WebPage","@id":"https:\/\/stitchwitch.at\/?product=personalisierter-druck-nach-wunsch","url":"https:\/\/stitchwitch.at\/?product=personalisierter-druck-nach-wunsch","name":"Personalisierter Druck nach Wunsch - stitchwitch","isPartOf":{"@id":"https:\/\/stitchwitch.at\/#website"},"primaryImageOfPage":{"@id":"https:\/\/stitchwitch.at\/?product=personalisierter-druck-nach-wunsch#primaryimage"},"image":{"@id":"https:\/\/stitchwitch.at\/?product=personalisierter-druck-nach-wunsch#primaryimage"},"thumbnailUrl":"https:\/\/stitchwitch.at\/wp-content\/uploads\/2026\/04\/374187179_136530526193453_4206051642932328200_n.jpg","datePublished":"2026-04-07T21:09:19+00:00","dateModified":"2026-04-07T21:15:49+00:00","breadcrumb":{"@id":"https:\/\/stitchwitch.at\/?product=personalisierter-druck-nach-wunsch#breadcrumb"},"inLanguage":"de","potentialAction":[{"@type":"ReadAction","target":["https:\/\/stitchwitch.at\/?product=personalisierter-druck-nach-wunsch"]}]},{"@type":"ImageObject","inLanguage":"de","@id":"https:\/\/stitchwitch.at\/?product=personalisierter-druck-nach-wunsch#primaryimage","url":"https:\/\/stitchwitch.at\/wp-content\/uploads\/2026\/04\/374187179_136530526193453_4206051642932328200_n.jpg","contentUrl":"https:\/\/stitchwitch.at\/wp-content\/uploads\/2026\/04\/374187179_136530526193453_4206051642932328200_n.jpg","width":1170,"height":1623},{"@type":"BreadcrumbList","@id":"https:\/\/stitchwitch.at\/?product=personalisierter-druck-nach-wunsch#breadcrumb","itemListElement":[{"@type":"ListItem","position":1,"name":"Start","item":"https:\/\/stitchwitch.at\/"},{"@type":"ListItem","position":2,"name":"Shop","item":"https:\/\/stitchwitch.at\/?page_id=6"},{"@type":"ListItem","position":3,"name":"Personalisierter Druck nach Wunsch"}]},{"@type":"WebSite","@id":"https:\/\/stitchwitch.at\/#website","url":"https:\/\/stitchwitch.at\/","name":"stitchwitch","description":"","publisher":{"@id":"https:\/\/stitchwitch.at\/#organization"},"potentialAction":[{"@type":"SearchAction","target":{"@type":"EntryPoint","urlTemplate":"https:\/\/stitchwitch.at\/?s={search_term_string}"},"query-input":{"@type":"PropertyValueSpecification","valueRequired":true,"valueName":"search_term_string"}}],"inLanguage":"de"},{"@type":"Organization","@id":"https:\/\/stitchwitch.at\/#organization","name":"stitchwitch","url":"https:\/\/stitchwitch.at\/","logo":{"@type":"ImageObject","inLanguage":"de","@id":"https:\/\/stitchwitch.at\/#\/schema\/logo\/image\/","url":"https:\/\/stitchwitch.at\/wp-content\/uploads\/2026\/04\/508314136_569960446183790_4057727855767712171_n.jpg","contentUrl":"https:\/\/stitchwitch.at\/wp-content\/uploads\/2026\/04\/508314136_569960446183790_4057727855767712171_n.jpg","width":960,"height":958,"caption":"stitchwitch"},"image":{"@id":"https:\/\/stitchwitch.at\/#\/schema\/logo\/image\/"}}]}},"jetpack_sharing_enabled":true,"_links":{"self":[{"href":"https:\/\/stitchwitch.at\/index.php?rest_route=\/wp\/v2\/product\/43","targetHints":{"allow":["GET"]}}],"collection":[{"href":"https:\/\/stitchwitch.at\/index.php?rest_route=\/wp\/v2\/product"}],"about":[{"href":"https:\/\/stitchwitch.at\/index.php?rest_route=\/wp\/v2\/types\/product"}],"replies":[{"embeddable":true,"href":"https:\/\/stitchwitch.at\/index.php?rest_route=%2Fwp%2Fv2%2Fcomments&post=43"}],"wp:featuredmedia":[{"embeddable":true,"href":"https:\/\/stitchwitch.at\/index.php?rest_route=\/wp\/v2\/media\/29"}],"wp:attachment":[{"href":"https:\/\/stitchwitch.at\/index.php?rest_route=%2Fwp%2Fv2%2Fmedia&parent=43"}],"wp:term":[{"taxonomy":"product_brand","embeddable":true,"href":"https:\/\/stitchwitch.at\/index.php?rest_route=%2Fwp%2Fv2%2Fproduct_brand&post=43"},{"taxonomy":"product_cat","embeddable":true,"href":"https:\/\/stitchwitch.at\/index.php?rest_route=%2Fwp%2Fv2%2Fproduct_cat&post=43"},{"taxonomy":"product_tag","embeddable":true,"href":"https:\/\/stitchwitch.at\/index.php?rest_route=%2Fwp%2Fv2%2Fproduct_tag&post=43"}],"curies":[{"name":"wp","href":"https:\/\/api.w.org\/{rel}","templated":true}]}}